




{"id":7193,"date":"2019-02-14T13:10:16","date_gmt":"2019-02-14T12:10:16","guid":{"rendered":"https:\/\/www.elingenio.es\/?page_id=7193"},"modified":"2020-08-14T09:23:43","modified_gmt":"2020-08-14T07:23:43","slug":"kids","status":"publish","type":"page","link":"https:\/\/www.elingenio.es\/en\/kids\/","title":{"rendered":"Kids"},"content":{"rendered":"<p><b>TEMPORARILY CLOSED.<\/b><\/p>\n<p>El Ingenio offers a Play Centre service so you don\u2019t have to worry about the children.<\/p>\n<p>In our children\u2019s area (top floor), boys and girls of the Miningenio Club will have fun, make new friends and learn while their parents take advantage and go shopping without worrying about a thing.<\/p>\n<p>The trained monitors of the centre will look after them and they will have a good time.<\/p>\n","protected":false},"excerpt":{"rendered":"<p>TEMPORARILY CLOSED. El Ingenio offers a Play Centre service so you don\u2019t have to worry about the children. In our children\u2019s area (top floor), boys and girls of the Miningenio Club will have fun, make new friends and learn while their parents take advantage and go shopping without worrying about a thing. The trained monitors [&hellip;]<\/p>\n","protected":false},"author":4,"featured_media":6700,"parent":0,"menu_order":0,"comment_status":"closed","ping_status":"closed","template":"page-infantil.php","meta":{"_acf_changed":false,"_joinchat":[],"footnotes":""},"class_list":["post-7193","page","type-page","status-publish","has-post-thumbnail","hentry"],"acf":[],"yoast_head":"<!-- This site is optimized with the Yoast SEO plugin v26.7 - https:\/\/yoast.com\/wordpress\/plugins\/seo\/ -->\n<title>Kids - El Ingenio<\/title>\n<meta name=\"description\" content=\"Miningenio children\u2019s Club in El Ingenio Shopping Centre, for the youngest of the house. Get to know us in Torre del Mar V\u00e9lez M\u00e1laga, the Axarqu\u00eda.\" \/>\n<meta name=\"robots\" content=\"index, follow, max-snippet:-1, max-image-preview:large, max-video-preview:-1\" \/>\n<link rel=\"canonical\" href=\"https:\/\/www.elingenio.es\/en\/kids\/\" \/>\n<meta property=\"og:locale\" content=\"en_US\" \/>\n<meta property=\"og:type\" content=\"article\" \/>\n<meta property=\"og:title\" content=\"Kids - El Ingenio\" \/>\n<meta property=\"og:description\" content=\"Miningenio children\u2019s Club in El Ingenio Shopping Centre, for the youngest of the house. Get to know us in Torre del Mar V\u00e9lez M\u00e1laga, the Axarqu\u00eda.\" \/>\n<meta property=\"og:url\" content=\"https:\/\/www.elingenio.es\/en\/kids\/\" \/>\n<meta property=\"og:site_name\" content=\"El Ingenio\" \/>\n<meta property=\"article:modified_time\" content=\"2020-08-14T07:23:43+00:00\" \/>\n<meta property=\"og:image\" content=\"https:\/\/www.elingenio.es\/wp-content\/uploads\/2018\/12\/ni\u00f1o-jugando.jpg\" \/>\n\t<meta property=\"og:image:width\" content=\"800\" \/>\n\t<meta property=\"og:image:height\" content=\"400\" \/>\n\t<meta property=\"og:image:type\" content=\"image\/jpeg\" \/>\n<meta name=\"twitter:card\" content=\"summary_large_image\" \/>\n<script type=\"application\/ld+json\" class=\"yoast-schema-graph\">{\"@context\":\"https:\/\/schema.org\",\"@graph\":[{\"@type\":\"WebPage\",\"@id\":\"https:\/\/www.elingenio.es\/en\/kids\/\",\"url\":\"https:\/\/www.elingenio.es\/en\/kids\/\",\"name\":\"Kids - El Ingenio\",\"isPartOf\":{\"@id\":\"https:\/\/www.elingenio.es\/en\/#website\"},\"primaryImageOfPage\":{\"@id\":\"https:\/\/www.elingenio.es\/en\/kids\/#primaryimage\"},\"image\":{\"@id\":\"https:\/\/www.elingenio.es\/en\/kids\/#primaryimage\"},\"thumbnailUrl\":\"https:\/\/www.elingenio.es\/wp-content\/uploads\/2018\/12\/ni\u00f1o-jugando.jpg\",\"datePublished\":\"2019-02-14T12:10:16+00:00\",\"dateModified\":\"2020-08-14T07:23:43+00:00\",\"description\":\"Miningenio children\u2019s Club in El Ingenio Shopping Centre, for the youngest of the house. Get to know us in Torre del Mar V\u00e9lez M\u00e1laga, the Axarqu\u00eda.\",\"breadcrumb\":{\"@id\":\"https:\/\/www.elingenio.es\/en\/kids\/#breadcrumb\"},\"inLanguage\":\"en-US\",\"potentialAction\":[{\"@type\":\"ReadAction\",\"target\":[\"https:\/\/www.elingenio.es\/en\/kids\/\"]}]},{\"@type\":\"ImageObject\",\"inLanguage\":\"en-US\",\"@id\":\"https:\/\/www.elingenio.es\/en\/kids\/#primaryimage\",\"url\":\"https:\/\/www.elingenio.es\/wp-content\/uploads\/2018\/12\/ni\u00f1o-jugando.jpg\",\"contentUrl\":\"https:\/\/www.elingenio.es\/wp-content\/uploads\/2018\/12\/ni\u00f1o-jugando.jpg\",\"width\":800,\"height\":400},{\"@type\":\"BreadcrumbList\",\"@id\":\"https:\/\/www.elingenio.es\/en\/kids\/#breadcrumb\",\"itemListElement\":[{\"@type\":\"ListItem\",\"position\":1,\"name\":\"Portada\",\"item\":\"https:\/\/www.elingenio.es\/en\/\"},{\"@type\":\"ListItem\",\"position\":2,\"name\":\"Kids\"}]},{\"@type\":\"WebSite\",\"@id\":\"https:\/\/www.elingenio.es\/en\/#website\",\"url\":\"https:\/\/www.elingenio.es\/en\/\",\"name\":\"El Ingenio\",\"description\":\"Centro Comercial\",\"potentialAction\":[{\"@type\":\"SearchAction\",\"target\":{\"@type\":\"EntryPoint\",\"urlTemplate\":\"https:\/\/www.elingenio.es\/en\/?s={search_term_string}\"},\"query-input\":{\"@type\":\"PropertyValueSpecification\",\"valueRequired\":true,\"valueName\":\"search_term_string\"}}],\"inLanguage\":\"en-US\"}]}<\/script>\n<!-- \/ Yoast SEO plugin. -->","yoast_head_json":{"title":"Kids - El Ingenio","description":"Miningenio children\u2019s Club in El Ingenio Shopping Centre, for the youngest of the house. Get to know us in Torre del Mar V\u00e9lez M\u00e1laga, the Axarqu\u00eda.","robots":{"index":"index","follow":"follow","max-snippet":"max-snippet:-1","max-image-preview":"max-image-preview:large","max-video-preview":"max-video-preview:-1"},"canonical":"https:\/\/www.elingenio.es\/en\/kids\/","og_locale":"en_US","og_type":"article","og_title":"Kids - El Ingenio","og_description":"Miningenio children\u2019s Club in El Ingenio Shopping Centre, for the youngest of the house. Get to know us in Torre del Mar V\u00e9lez M\u00e1laga, the Axarqu\u00eda.","og_url":"https:\/\/www.elingenio.es\/en\/kids\/","og_site_name":"El Ingenio","article_modified_time":"2020-08-14T07:23:43+00:00","og_image":[{"width":800,"height":400,"url":"https:\/\/www.elingenio.es\/wp-content\/uploads\/2018\/12\/ni\u00f1o-jugando.jpg","type":"image\/jpeg"}],"twitter_card":"summary_large_image","schema":{"@context":"https:\/\/schema.org","@graph":[{"@type":"WebPage","@id":"https:\/\/www.elingenio.es\/en\/kids\/","url":"https:\/\/www.elingenio.es\/en\/kids\/","name":"Kids - El Ingenio","isPartOf":{"@id":"https:\/\/www.elingenio.es\/en\/#website"},"primaryImageOfPage":{"@id":"https:\/\/www.elingenio.es\/en\/kids\/#primaryimage"},"image":{"@id":"https:\/\/www.elingenio.es\/en\/kids\/#primaryimage"},"thumbnailUrl":"https:\/\/www.elingenio.es\/wp-content\/uploads\/2018\/12\/ni\u00f1o-jugando.jpg","datePublished":"2019-02-14T12:10:16+00:00","dateModified":"2020-08-14T07:23:43+00:00","description":"Miningenio children\u2019s Club in El Ingenio Shopping Centre, for the youngest of the house. Get to know us in Torre del Mar V\u00e9lez M\u00e1laga, the Axarqu\u00eda.","breadcrumb":{"@id":"https:\/\/www.elingenio.es\/en\/kids\/#breadcrumb"},"inLanguage":"en-US","potentialAction":[{"@type":"ReadAction","target":["https:\/\/www.elingenio.es\/en\/kids\/"]}]},{"@type":"ImageObject","inLanguage":"en-US","@id":"https:\/\/www.elingenio.es\/en\/kids\/#primaryimage","url":"https:\/\/www.elingenio.es\/wp-content\/uploads\/2018\/12\/ni\u00f1o-jugando.jpg","contentUrl":"https:\/\/www.elingenio.es\/wp-content\/uploads\/2018\/12\/ni\u00f1o-jugando.jpg","width":800,"height":400},{"@type":"BreadcrumbList","@id":"https:\/\/www.elingenio.es\/en\/kids\/#breadcrumb","itemListElement":[{"@type":"ListItem","position":1,"name":"Portada","item":"https:\/\/www.elingenio.es\/en\/"},{"@type":"ListItem","position":2,"name":"Kids"}]},{"@type":"WebSite","@id":"https:\/\/www.elingenio.es\/en\/#website","url":"https:\/\/www.elingenio.es\/en\/","name":"El Ingenio","description":"Centro Comercial","potentialAction":[{"@type":"SearchAction","target":{"@type":"EntryPoint","urlTemplate":"https:\/\/www.elingenio.es\/en\/?s={search_term_string}"},"query-input":{"@type":"PropertyValueSpecification","valueRequired":true,"valueName":"search_term_string"}}],"inLanguage":"en-US"}]}},"_links":{"self":[{"href":"https:\/\/www.elingenio.es\/en\/wp-json\/wp\/v2\/pages\/7193","targetHints":{"allow":["GET"]}}],"collection":[{"href":"https:\/\/www.elingenio.es\/en\/wp-json\/wp\/v2\/pages"}],"about":[{"href":"https:\/\/www.elingenio.es\/en\/wp-json\/wp\/v2\/types\/page"}],"author":[{"embeddable":true,"href":"https:\/\/www.elingenio.es\/en\/wp-json\/wp\/v2\/users\/4"}],"replies":[{"embeddable":true,"href":"https:\/\/www.elingenio.es\/en\/wp-json\/wp\/v2\/comments?post=7193"}],"version-history":[{"count":23,"href":"https:\/\/www.elingenio.es\/en\/wp-json\/wp\/v2\/pages\/7193\/revisions"}],"predecessor-version":[{"id":13339,"href":"https:\/\/www.elingenio.es\/en\/wp-json\/wp\/v2\/pages\/7193\/revisions\/13339"}],"wp:featuredmedia":[{"embeddable":true,"href":"https:\/\/www.elingenio.es\/en\/wp-json\/wp\/v2\/media\/6700"}],"wp:attachment":[{"href":"https:\/\/www.elingenio.es\/en\/wp-json\/wp\/v2\/media?parent=7193"}],"curies":[{"name":"wp","href":"https:\/\/api.w.org\/{rel}","templated":true}]}}